{"id":7,"date":"2022-03-16T19:30:18","date_gmt":"2022-03-16T18:30:18","guid":{"rendered":"https:\/\/rdv-psychologue.fr\/?page_id=7"},"modified":"2025-09-29T22:06:57","modified_gmt":"2025-09-29T20:06:57","slug":"presentation","status":"publish","type":"page","link":"https:\/\/rdv-psychologue.fr\/","title":{"rendered":"Accueil"},"content":{"rendered":"\n<div class=\"wp-block-media-text alignwide is-stacked-on-mobile\" style=\"grid-template-columns:40% auto\"><figure class=\"wp-block-media-text__media\"><img loading=\"lazy\" decoding=\"async\" width=\"1024\" height=\"996\" src=\"https:\/\/rdv-psychologue.fr\/wp-content\/uploads\/2022\/06\/20220610_171401-1024x996.jpg\" alt=\"\" class=\"wp-image-80 size-full\" srcset=\"https:\/\/rdv-psychologue.fr\/wp-content\/uploads\/2022\/06\/20220610_171401-1024x996.jpg 1024w, https:\/\/rdv-psychologue.fr\/wp-content\/uploads\/2022\/06\/20220610_171401-300x292.jpg 300w, https:\/\/rdv-psychologue.fr\/wp-content\/uploads\/2022\/06\/20220610_171401-768x747.jpg 768w, https:\/\/rdv-psychologue.fr\/wp-content\/uploads\/2022\/06\/20220610_171401-1536x1495.jpg 1536w, https:\/\/rdv-psychologue.fr\/wp-content\/uploads\/2022\/06\/20220610_171401-2048x1993.jpg 2048w\" sizes=\"auto, (max-width: 1024px) 100vw, 1024px\" \/><\/figure><div class=\"wp-block-media-text__content\">\n<p>Psychologue clinicienne et psychoth\u00e9rapeute int\u00e9grative, form\u00e9e \u00e0 l&rsquo;EMDR, je vous re\u00e7ois soit \u00e0 mon cabinet pour des th\u00e9rapies individuelles, adulte ou jeune adulte pour vous aider \u00e0 g\u00e9rer les conflits d&rsquo;ordre personnel, familial, au sein de votre couple ou au travail mais aussi pour vous accompagner dans la gestion de vos angoisses et la communication avec votre entourage.<\/p>\n\n\n\n<ul class=\"wp-block-list\">\n<li><a href=\"https:\/\/goo.gl\/maps\/x1hhTDoVPFn6j2Hn9\" data-type=\"URL\" data-id=\"https:\/\/goo.gl\/maps\/x1hhTDoVPFn6j2Hn9\">Cabinet Libert\u00e9<\/a> : Charenton-le-Pont, proche 12\u00e8me.<\/li>\n\n\n\n<li><a href=\"https:\/\/goo.gl\/maps\/xoM5r7ouu43wUaqM8\" data-type=\"URL\" data-id=\"https:\/\/goo.gl\/maps\/xoM5r7ouu43wUaqM8\">Cabinet Planchat<\/a> : Paris 20\u00e8me, proche Nation.<\/li>\n\n\n\n<li>Visio possible : me contacter par mail ou SMS<\/li>\n<\/ul>\n\n\n\n<p>Vous pouvez <a href=\"https:\/\/rdv-psychologue.fr\/index.php\/prendre-rendez-vous\/\" data-type=\"URL\" data-id=\"https:\/\/rdv-psychologue.fr\/index.php\/prendre-rendez-vous\/\">prendre un rendez-vous en ligne<\/a> ou me contacter au <strong>(+33) 0764258237<\/strong>.<\/p>\n\n\n\n<p><\/p>\n\n\n\n<p>Les <a href=\"https:\/\/rdv-psychologue.fr\/index.php\/pourquoi-consulter-un-psychologue\/\">demandes<\/a> qui vous orientent \u00e0 consulter un psychologue peuvent \u00eatre multiples et sont indiqu\u00e9es d\u00e8s lors que vous souhaitez prendre soin de vous et de votre sant\u00e9 mentale.<\/p>\n<\/div><\/div>\n","protected":false},"excerpt":{"rendered":"","protected":false},"author":2,"featured_media":0,"parent":0,"menu_order":0,"comment_status":"closed","ping_status":"closed","template":"","meta":{"hide_page_title":"","footnotes":""},"class_list":["post-7","page","type-page","status-publish","hentry"],"_links":{"self":[{"href":"https:\/\/rdv-psychologue.fr\/index.php\/wp-json\/wp\/v2\/pages\/7","targetHints":{"allow":["GET"]}}],"collection":[{"href":"https:\/\/rdv-psychologue.fr\/index.php\/wp-json\/wp\/v2\/pages"}],"about":[{"href":"https:\/\/rdv-psychologue.fr\/index.php\/wp-json\/wp\/v2\/types\/page"}],"author":[{"embeddable":true,"href":"https:\/\/rdv-psychologue.fr\/index.php\/wp-json\/wp\/v2\/users\/2"}],"replies":[{"embeddable":true,"href":"https:\/\/rdv-psychologue.fr\/index.php\/wp-json\/wp\/v2\/comments?post=7"}],"version-history":[{"count":21,"href":"https:\/\/rdv-psychologue.fr\/index.php\/wp-json\/wp\/v2\/pages\/7\/revisions"}],"predecessor-version":[{"id":166,"href":"https:\/\/rdv-psychologue.fr\/index.php\/wp-json\/wp\/v2\/pages\/7\/revisions\/166"}],"wp:attachment":[{"href":"https:\/\/rdv-psychologue.fr\/index.php\/wp-json\/wp\/v2\/media?parent=7"}],"curies":[{"name":"wp","href":"https:\/\/api.w.org\/{rel}","templated":true}]}}