{"id":39,"date":"2022-07-11T14:26:13","date_gmt":"2022-07-11T12:26:13","guid":{"rendered":"https:\/\/rdv-psychologue.fr\/?page_id=39"},"modified":"2024-10-30T16:12:03","modified_gmt":"2024-10-30T15:12:03","slug":"presentation-2","status":"publish","type":"page","link":"https:\/\/rdv-psychologue.fr\/index.php\/presentation-2\/","title":{"rendered":"Pr\u00e9sentation"},"content":{"rendered":"\n<p class=\"has-text-align-center\"><strong>Dipl\u00f4m\u00e9e d\u2019un Master de Psychologie Clinique \u00e0 l&rsquo;Universit\u00e9 de Paris Descartes puis form\u00e9e \u00e0 l&rsquo;EMDR. <\/strong><\/p>\n\n\n<div class=\"wp-block-image\">\n<figure class=\"aligncenter is-resized\"><img loading=\"lazy\" decoding=\"async\" width=\"988\" height=\"988\" src=\"https:\/\/rdv-psychologue.fr\/wp-content\/uploads\/2024\/10\/anna-00003-smallest-2.jpg\" alt=\"\" class=\"wp-image-144\" style=\"width:250px\" srcset=\"https:\/\/rdv-psychologue.fr\/wp-content\/uploads\/2024\/10\/anna-00003-smallest-2.jpg 988w, https:\/\/rdv-psychologue.fr\/wp-content\/uploads\/2024\/10\/anna-00003-smallest-2-300x300.jpg 300w, https:\/\/rdv-psychologue.fr\/wp-content\/uploads\/2024\/10\/anna-00003-smallest-2-150x150.jpg 150w, https:\/\/rdv-psychologue.fr\/wp-content\/uploads\/2024\/10\/anna-00003-smallest-2-768x768.jpg 768w\" sizes=\"auto, (max-width: 988px) 100vw, 988px\" \/><\/figure>\n<\/div>\n\n\n<p><\/p>\n\n\n\n<p>J\u2019ai d&rsquo;abord exerc\u00e9 aupr\u00e8s <strong>d\u2019enfants<\/strong> de 0 \u00e0 3 ans, en cr\u00e8che, \u00e0 la Protection Maternelle et Infantile (PMI). J&rsquo;accompagnais et \u00e9coutais les parents et les assistantes maternelles et j&rsquo;observais le developpement \u00e9motionnel et psychique des enfants. <\/p>\n\n\n\n<p>Ensuite, j&rsquo;ai travaill\u00e9 aupr\u00e8s <strong>d\u2019adultes<\/strong> <strong>et d&rsquo;adolescents<\/strong>, en service de psychiatrie \u00e0 l&rsquo;h\u00f4pital Saint-Antoine (AP-HP) et au Val-de-Gr\u00e2ce \u00e0 Paris ainsi qu&rsquo;en ateliers th\u00e9rapeutiques \u00e0 Sainte-Genevi\u00e8ve-des-Bois.<\/p>\n\n\n\n<p><\/p>\n\n\n\n<p>Par la suite, j\u2019ai travaill\u00e9 en start-up, ce qui m&rsquo;a permis de comprendre l\u2019<strong>environnement professionnel au sein d\u2019une entreprise en forte croissance<\/strong>. J\u2019ai coach\u00e9 des coll\u00e8gues et manag\u00e9 des \u00e9quipes de diff\u00e9rentes tailles. J&rsquo;ai pu alors voir sur le terrain les pressions que peuvent engendrer le monde du travail. Je me suis rendue compte qu&rsquo;en plus des horaires parfois \u00e9lev\u00e9s, le travail et ses implications avaient un impact fort sur la vie du quotidien.<\/p>\n\n\n\n<p><\/p>\n\n\n\n<p>Actuellement, je re\u00e7ois des jeunes adultes que j&rsquo;accompagne dans leur carri\u00e8re et d\u00e9but de vie professionnelle et des adultes en souffrance psychique, qu&rsquo;elle soit li\u00e9e au travail ou non.<\/p>\n\n\n\n<p><\/p>\n\n\n\n<p><strong>Sp\u00e9cialit\u00e9s<\/strong> :<\/p>\n\n\n\n<ul class=\"wp-block-list\">\n<li>EMDR<\/li>\n\n\n\n<li>Psychotraumatisme et traumatisme infantile<\/li>\n\n\n\n<li>Angoisse, anxi\u00e9t\u00e9<\/li>\n\n\n\n<li>Sant\u00e9 mentale au travail (stress, burn-out), \u00e9panouissement professionnel<\/li>\n\n\n\n<li>D\u00e9pression<\/li>\n\n\n\n<li>Sexologie<\/li>\n\n\n\n<li>Accompagnement des addictions et aide \u00e0 la mise en place d&rsquo;outils de r\u00e9duction des risques (RDR).<\/li>\n\n\n\n<li>Trouble du sommeil, insomnies<\/li>\n\n\n\n<li>Trouble du comportement alimentaire<\/li>\n\n\n\n<li>S\u00e9paration, deuil, rupture affective<\/li>\n\n\n\n<li>Maternit\u00e9<\/li>\n\n\n\n<li>Probl\u00e8me familiaux<\/li>\n<\/ul>\n\n\n\n<p><\/p>\n\n\n\n<p>Le but de notre travail th\u00e9rapeutique est de vous amener \u00e0 trouver le chemin vers une vie \u00e9panouie et sereine, en accord avec vos valeurs. <\/p>\n","protected":false},"excerpt":{"rendered":"<p>Dipl\u00f4m\u00e9e d\u2019un Master de Psychologie Clinique \u00e0 l&rsquo;Universit\u00e9 de Paris Descartes puis form\u00e9e \u00e0 l&rsquo;EMDR. J\u2019ai d&rsquo;abord exerc\u00e9 aupr\u00e8s d\u2019enfants de 0 \u00e0 3 ans, en cr\u00e8che, \u00e0 la Protection Maternelle et Infantile (PMI). J&rsquo;accompagnais et \u00e9coutais les parents et les assistantes maternelles et j&rsquo;observais le developpement \u00e9motionnel et psychique des enfants. Ensuite, j&rsquo;ai travaill\u00e9 [&hellip;]<\/p>\n","protected":false},"author":2,"featured_media":0,"parent":0,"menu_order":0,"comment_status":"closed","ping_status":"closed","template":"","meta":{"hide_page_title":"","footnotes":""},"class_list":["post-39","page","type-page","status-publish","hentry"],"_links":{"self":[{"href":"https:\/\/rdv-psychologue.fr\/index.php\/wp-json\/wp\/v2\/pages\/39","targetHints":{"allow":["GET"]}}],"collection":[{"href":"https:\/\/rdv-psychologue.fr\/index.php\/wp-json\/wp\/v2\/pages"}],"about":[{"href":"https:\/\/rdv-psychologue.fr\/index.php\/wp-json\/wp\/v2\/types\/page"}],"author":[{"embeddable":true,"href":"https:\/\/rdv-psychologue.fr\/index.php\/wp-json\/wp\/v2\/users\/2"}],"replies":[{"embeddable":true,"href":"https:\/\/rdv-psychologue.fr\/index.php\/wp-json\/wp\/v2\/comments?post=39"}],"version-history":[{"count":8,"href":"https:\/\/rdv-psychologue.fr\/index.php\/wp-json\/wp\/v2\/pages\/39\/revisions"}],"predecessor-version":[{"id":145,"href":"https:\/\/rdv-psychologue.fr\/index.php\/wp-json\/wp\/v2\/pages\/39\/revisions\/145"}],"wp:attachment":[{"href":"https:\/\/rdv-psychologue.fr\/index.php\/wp-json\/wp\/v2\/media?parent=39"}],"curies":[{"name":"wp","href":"https:\/\/api.w.org\/{rel}","templated":true}]}}