{"id":20,"date":"2022-03-29T17:46:15","date_gmt":"2022-03-29T15:46:15","guid":{"rendered":"https:\/\/rdv-psychologue.fr\/?page_id=20"},"modified":"2024-10-30T16:03:10","modified_gmt":"2024-10-30T15:03:10","slug":"anna-debernardi","status":"publish","type":"page","link":"https:\/\/rdv-psychologue.fr\/index.php\/anna-debernardi\/","title":{"rendered":"Anna Debernardi"},"content":{"rendered":"\n<p class=\"has-text-align-left\"><strong>Psychologue clinicienne &#8211; psychoth\u00e9rapeute<\/strong> &#8211; <strong>EMDR<\/strong><\/p>\n\n\n\n<p><\/p>\n\n\n\n<p>Sp\u00e9cialit\u00e9s : <\/p>\n\n\n\n<ul class=\"wp-block-list\">\n<li>EMDR<\/li>\n\n\n\n<li>Psychotraumatisme et traumatisme infantile<\/li>\n\n\n\n<li>Angoisse, anxi\u00e9t\u00e9<\/li>\n\n\n\n<li>Sant\u00e9 mentale au travail (stress, burn-out), \u00e9panouissement professionnel<\/li>\n\n\n\n<li>D\u00e9pression<\/li>\n\n\n\n<li>Sexologie<\/li>\n\n\n\n<li>Accompagnement des addictions et aide \u00e0 la mise en place d&rsquo;outils de r\u00e9duction des risques (RDR).<\/li>\n\n\n\n<li>Trouble du sommeil, insomnies<\/li>\n\n\n\n<li>Trouble du comportement alimentaire<\/li>\n\n\n\n<li>S\u00e9paration, deuil, rupture affective<\/li>\n\n\n\n<li>Maternit\u00e9<\/li>\n\n\n\n<li>Probl\u00e8me familiaux<\/li>\n<\/ul>\n\n\n\n<p><\/p>\n\n\n\n<p>\ud83d\udcdc Dipl\u00f4m\u00e9e d&rsquo;un Master en Psychologie Clinique \u00e0 l&rsquo;Universit\u00e9 Paris Descartes (V) en 2014<\/p>\n\n\n\n<p>\u2705 Num\u00e9ro Adeli : 949316129<\/p>\n\n\n\n<p>\ud83d\udecb Consultations \u00e0 Paris 20\u00e8me, m\u00e9tro Nation et \u00e0 Charenton-le-Pont, m\u00e9tro Libert\u00e9<\/p>\n\n\n\n<p>\ud83d\udcde (+33) 0764258237<\/p>\n\n\n\n<p>\ud83d\udcbb <strong>annadebernardi.psy@gmail.com<\/strong><\/p>\n","protected":false},"excerpt":{"rendered":"<p>Psychologue clinicienne &#8211; psychoth\u00e9rapeute &#8211; EMDR Sp\u00e9cialit\u00e9s : \ud83d\udcdc Dipl\u00f4m\u00e9e d&rsquo;un Master en Psychologie Clinique \u00e0 l&rsquo;Universit\u00e9 Paris Descartes (V) en 2014 \u2705 Num\u00e9ro Adeli : 949316129 \ud83d\udecb Consultations \u00e0 Paris 20\u00e8me, m\u00e9tro Nation et \u00e0 Charenton-le-Pont, m\u00e9tro Libert\u00e9 \ud83d\udcde (+33) 0764258237 \ud83d\udcbb annadebernardi.psy@gmail.com<\/p>\n","protected":false},"author":2,"featured_media":0,"parent":0,"menu_order":0,"comment_status":"closed","ping_status":"closed","template":"","meta":{"hide_page_title":"","footnotes":""},"class_list":["post-20","page","type-page","status-publish","hentry"],"_links":{"self":[{"href":"https:\/\/rdv-psychologue.fr\/index.php\/wp-json\/wp\/v2\/pages\/20","targetHints":{"allow":["GET"]}}],"collection":[{"href":"https:\/\/rdv-psychologue.fr\/index.php\/wp-json\/wp\/v2\/pages"}],"about":[{"href":"https:\/\/rdv-psychologue.fr\/index.php\/wp-json\/wp\/v2\/types\/page"}],"author":[{"embeddable":true,"href":"https:\/\/rdv-psychologue.fr\/index.php\/wp-json\/wp\/v2\/users\/2"}],"replies":[{"embeddable":true,"href":"https:\/\/rdv-psychologue.fr\/index.php\/wp-json\/wp\/v2\/comments?post=20"}],"version-history":[{"count":13,"href":"https:\/\/rdv-psychologue.fr\/index.php\/wp-json\/wp\/v2\/pages\/20\/revisions"}],"predecessor-version":[{"id":137,"href":"https:\/\/rdv-psychologue.fr\/index.php\/wp-json\/wp\/v2\/pages\/20\/revisions\/137"}],"wp:attachment":[{"href":"https:\/\/rdv-psychologue.fr\/index.php\/wp-json\/wp\/v2\/media?parent=20"}],"curies":[{"name":"wp","href":"https:\/\/api.w.org\/{rel}","templated":true}]}}